{"id":11,"date":"2022-08-05T15:02:36","date_gmt":"2022-08-05T15:02:36","guid":{"rendered":"https:\/\/laserin.yvonne.fi\/?page_id=11"},"modified":"2023-04-02T06:07:41","modified_gmt":"2023-04-02T06:07:41","slug":"hinnasto","status":"publish","type":"page","link":"https:\/\/laserin.yvonne.fi\/sv\/hinnasto\/","title":{"rendered":"Prislista"},"content":{"rendered":"<div class=\"wp-block-cover alignfull\" style=\"min-height:320px\"><span aria-hidden=\"true\" class=\"wp-block-cover__background has-nv-site-bg-background-color has-background-dim-100 has-background-dim\"><\/span><div class=\"wp-block-cover__inner-container\">\n<div class=\"wp-block-group is-layout-flow\"><div class=\"wp-block-group__inner-container\">\n<div class=\"wp-block-columns are-vertically-aligned-center is-layout-flex wp-container-3\">\n<div class=\"wp-block-column is-vertically-aligned-center is-layout-flow\" style=\"flex-basis:70%\"><\/div>\n\n\n\n<div class=\"wp-block-column is-vertically-aligned-center is-layout-flow\" style=\"flex-basis:30%\"><\/div>\n<\/div>\n<\/div><\/div>\n<\/div><\/div>\n\n\n\n<div class=\"wp-block-cover alignfull is-light\" style=\"min-height:300px\"><span aria-hidden=\"true\" class=\"wp-block-cover__background has-background-dim-100 has-background-dim has-background-gradient\" style=\"background:linear-gradient(135deg,rgb(30,203,225) 0%,rgb(205,27,166) 100%)\"><\/span><div class=\"wp-block-cover__inner-container\">\n<div style=\"height:140px\" aria-hidden=\"true\" class=\"wp-block-spacer\"><\/div>\n\n\n\n<h1 class=\"wp-block-heading has-text-align-center has-neve-link-color-color has-text-color\" id=\"laserhinta\">Laser, massage och kombinationsv\u00e5rd f\u00f6r sm\u00e4rtlindring<\/h1>\n\n\n\n<figure class=\"wp-block-table is-style-regular has-medium-font-size\"><table><tbody><tr><td>Laserv\u00e5rd - 30min<\/td><td>50\u20ac<\/td><\/tr><tr><td>Kombinationsv\u00e5rd - 45min<br><sub><em>Massage och Laserv\u00e5rd<\/em><\/sub><\/td><td>65\u20ac<\/td><\/tr><tr><td>Kombinationsv\u00e5rd - 60min<br><sub>Vi besluter alltid tillsamman med kunden vilket omr\u00e5de som beh\u00f6ver \u00f6nskas massage.<\/sub><\/td><td>75\u20ac<\/td><\/tr><tr><td>Massage - 45min<br><sub>Vi besluter alltid tillsamman med kunden vilket omr\u00e5de som beh\u00f6ver \u00f6nskas massage.<\/sub><\/td><td>45\u20ac<\/td><\/tr><tr><td>Massage - 60min<br><sub>Vi besluter alltid tillsamman med kunden vilket omr\u00e5de som beh\u00f6ver \u00f6nskas massage.<\/sub><\/td><td>55\u20ac<\/td><\/tr><tr><td>Massage - 90min<br><sub>Vi besluter alltid tillsamman med kunden vilket omr\u00e5de som beh\u00f6ver \u00f6nskas massage.<\/sub><\/td><td>75\u20ac<\/td><\/tr><\/tbody><\/table><\/figure>\n<\/div><\/div>\n\n\n\n<div style=\"height:50px\" aria-hidden=\"true\" class=\"wp-block-spacer\"><\/div>\n\n\n\n<div class=\"wp-block-cover alignfull is-light\" style=\"min-height:300px\"><span aria-hidden=\"true\" class=\"wp-block-cover__background has-background-dim-100 has-background-dim has-background-gradient\" style=\"background:linear-gradient(135deg,rgb(205,27,166) 0%,rgb(30,203,225) 100%)\"><\/span><div class=\"wp-block-cover__inner-container\">\n<div style=\"height:140px\" aria-hidden=\"true\" class=\"wp-block-spacer\"><\/div>\n\n\n\n<h1 class=\"wp-block-heading has-text-align-center has-neve-link-color-color has-text-color\" id=\"laserhinta\">IPL<\/h1>\n\n\n\n<h2 class=\"wp-block-heading has-neve-link-color-color has-text-color\">Borttagning av m\u00f6rka h\u00e5r<\/h2>\n\n\n\n<figure class=\"wp-block-table is-style-regular has-medium-font-size\"><table><tbody><tr><td>Armh\u00e5lor<\/td><td>100\u20ac<\/td><\/tr><tr><td>\u00d6verl\u00e4ppen\/ mustasch<\/td><td>80\u20ac<\/td><\/tr><tr><td>Haka<\/td><td>100\u20ac<\/td><\/tr><tr><td>Haja och \u00f6verl\u00e4ppen<\/td><td>150\u20ac<\/td><\/tr><tr><td>Haka och hals<\/td><td>150\u20ac<\/td><\/tr><tr><td>Bikinilinje small, ljumske<\/td><td>100\u20ac<\/td><\/tr><tr><td>Bikinilinje medium, ljumske och \u00f6vre linje<\/td><td>150\u20ac<\/td><\/tr><tr><td>Bikinilinje large, Brassi<\/td><td>200\u20ac<\/td><\/tr><tr><td>Underbenen, fr\u00e5n kn\u00e4 till fotled<\/td><td>200\u20ac<\/td><\/tr><tr><td>L\u00e5ren, fr\u00e5n ljumsken till kn\u00e4<\/td><td>200\u20ac<\/td><\/tr><tr><td>Underbenen, fr\u00e5n kn\u00e4 till fotled<\/td><td>200\u20ac<\/td><\/tr><tr><td>L\u00e5ren, fr\u00e5n ljumsken till kn\u00e4<\/td><td>200\u20ac<\/td><\/tr><tr><td>Underbenen, fr\u00e5n kn\u00e4 till fotled<\/td><td>350\u20ac<\/td><\/tr><tr><td>Enskilda h\u00e5r\/ enstaka ljusimpuls<\/td><td>20\u20ac<\/td><\/tr><\/tbody><\/table><\/figure>\n\n\n\n<h2 class=\"wp-block-heading\">V\u00e5rd av pigment fl\u00e4ckar<\/h2>\n\n\n\n<figure class=\"wp-block-table is-style-regular has-medium-font-size\"><table><tbody><tr><td>Enskild pigment fl\u00e4ck<\/td><td>50\u20ac<\/td><\/tr><tr><td>Kinder<\/td><td>80\u20ac<\/td><\/tr><tr><td>Haka<\/td><td>80\u20ac<\/td><\/tr><tr><td>Pannan<\/td><td>80\u20ac<\/td><\/tr><tr><td>Hela ansiktet<\/td><td>150\u20ac<\/td><\/tr><\/tbody><\/table><\/figure>\n\n\n\n<h2 class=\"wp-block-heading\">Ytliga blodk\u00e4rl<\/h2>\n\n\n\n<figure class=\"wp-block-table is-style-regular has-medium-font-size\"><table><tbody><tr><td>Enskild blod\u00e5der<\/td><td>50\u20ac<\/td><\/tr><tr><td>N\u00e4s sidorna<\/td><td>50\u20ac<\/td><\/tr><tr><td>Kinder och n\u00e4sa<\/td><td>100\u20ac<\/td><\/tr><tr><td>Pannan <\/td><td>80\u20ac<\/td><\/tr><tr><td>Haka<\/td><td>80\u20ac<\/td><\/tr><tr><td>Hela ansiktet<\/td><td>150\u20ac<\/td><\/tr><\/tbody><\/table><\/figure>\n<\/div><\/div>","protected":false},"excerpt":{"rendered":"","protected":false},"author":1,"featured_media":0,"parent":0,"menu_order":0,"comment_status":"closed","ping_status":"closed","template":"","meta":{"neve_meta_sidebar":"","neve_meta_container":"","neve_meta_enable_content_width":"on","neve_meta_content_width":100,"neve_meta_title_alignment":"left","neve_meta_author_avatar":"","neve_post_elements_order":"","neve_meta_disable_header":"","neve_meta_disable_footer":"","neve_meta_disable_title":"on"},"yoast_head":"<!-- This site is optimized with the Yoast SEO plugin v20.4 - https:\/\/yoast.com\/wordpress\/plugins\/seo\/ -->\n<title>Hinnasto - Laserin Etcetera<\/title>\n<meta name=\"robots\" content=\"index, follow, max-snippet:-1, max-image-preview:large, max-video-preview:-1\" \/>\n<link rel=\"canonical\" href=\"https:\/\/laserin.yvonne.fi\/sv\/hinnasto\/\" \/>\n<meta property=\"og:locale\" content=\"sv_SE\" \/>\n<meta property=\"og:type\" content=\"article\" \/>\n<meta property=\"og:title\" content=\"Hinnasto - Laserin Etcetera\" \/>\n<meta property=\"og:url\" content=\"https:\/\/laserin.yvonne.fi\/sv\/hinnasto\/\" \/>\n<meta property=\"og:site_name\" content=\"Laserin Etcetera\" \/>\n<meta property=\"article:modified_time\" content=\"2023-04-02T06:07:41+00:00\" \/>\n<meta name=\"twitter:card\" content=\"summary_large_image\" \/>\n<script type=\"application\/ld+json\" class=\"yoast-schema-graph\">{\"@context\":\"https:\/\/schema.org\",\"@graph\":[{\"@type\":\"WebPage\",\"@id\":\"https:\/\/laserin.yvonne.fi\/hinnasto\/\",\"url\":\"https:\/\/laserin.yvonne.fi\/hinnasto\/\",\"name\":\"Hinnasto - Laserin Etcetera\",\"isPartOf\":{\"@id\":\"https:\/\/laserin.yvonne.fi\/#website\"},\"datePublished\":\"2022-08-05T15:02:36+00:00\",\"dateModified\":\"2023-04-02T06:07:41+00:00\",\"breadcrumb\":{\"@id\":\"https:\/\/laserin.yvonne.fi\/hinnasto\/#breadcrumb\"},\"inLanguage\":\"sv-SE\",\"potentialAction\":[{\"@type\":\"ReadAction\",\"target\":[\"https:\/\/laserin.yvonne.fi\/hinnasto\/\"]}]},{\"@type\":\"BreadcrumbList\",\"@id\":\"https:\/\/laserin.yvonne.fi\/hinnasto\/#breadcrumb\",\"itemListElement\":[{\"@type\":\"ListItem\",\"position\":1,\"name\":\"Etusivu\",\"item\":\"https:\/\/laserin.yvonne.fi\/\"},{\"@type\":\"ListItem\",\"position\":2,\"name\":\"Hinnasto\"}]},{\"@type\":\"WebSite\",\"@id\":\"https:\/\/laserin.yvonne.fi\/#website\",\"url\":\"https:\/\/laserin.yvonne.fi\/\",\"name\":\"Laserin Etcetera\",\"description\":\"Hoivaa ammattitaidolla\",\"publisher\":{\"@id\":\"https:\/\/laserin.yvonne.fi\/#organization\"},\"potentialAction\":[{\"@type\":\"SearchAction\",\"target\":{\"@type\":\"EntryPoint\",\"urlTemplate\":\"https:\/\/laserin.yvonne.fi\/?s={search_term_string}\"},\"query-input\":\"required name=search_term_string\"}],\"inLanguage\":\"sv-SE\"},{\"@type\":\"Organization\",\"@id\":\"https:\/\/laserin.yvonne.fi\/#organization\",\"name\":\"Laserin Etcetera\",\"url\":\"https:\/\/laserin.yvonne.fi\/\",\"logo\":{\"@type\":\"ImageObject\",\"inLanguage\":\"sv-SE\",\"@id\":\"https:\/\/laserin.yvonne.fi\/#\/schema\/logo\/image\/\",\"url\":\"https:\/\/laserin.yvonne.fi\/wp-content\/uploads\/2022\/08\/logo-agency.png\",\"contentUrl\":\"https:\/\/laserin.yvonne.fi\/wp-content\/uploads\/2022\/08\/logo-agency.png\",\"width\":200,\"height\":200,\"caption\":\"Laserin Etcetera\"},\"image\":{\"@id\":\"https:\/\/laserin.yvonne.fi\/#\/schema\/logo\/image\/\"}}]}<\/script>\n<!-- \/ Yoast SEO plugin. -->","yoast_head_json":{"title":"Hinnasto - Laserin Etcetera","robots":{"index":"index","follow":"follow","max-snippet":"max-snippet:-1","max-image-preview":"max-image-preview:large","max-video-preview":"max-video-preview:-1"},"canonical":"https:\/\/laserin.yvonne.fi\/sv\/hinnasto\/","og_locale":"sv_SE","og_type":"article","og_title":"Hinnasto - Laserin Etcetera","og_url":"https:\/\/laserin.yvonne.fi\/sv\/hinnasto\/","og_site_name":"Laserin Etcetera","article_modified_time":"2023-04-02T06:07:41+00:00","twitter_card":"summary_large_image","schema":{"@context":"https:\/\/schema.org","@graph":[{"@type":"WebPage","@id":"https:\/\/laserin.yvonne.fi\/hinnasto\/","url":"https:\/\/laserin.yvonne.fi\/hinnasto\/","name":"Hinnasto - Laserin Etcetera","isPartOf":{"@id":"https:\/\/laserin.yvonne.fi\/#website"},"datePublished":"2022-08-05T15:02:36+00:00","dateModified":"2023-04-02T06:07:41+00:00","breadcrumb":{"@id":"https:\/\/laserin.yvonne.fi\/hinnasto\/#breadcrumb"},"inLanguage":"sv-SE","potentialAction":[{"@type":"ReadAction","target":["https:\/\/laserin.yvonne.fi\/hinnasto\/"]}]},{"@type":"BreadcrumbList","@id":"https:\/\/laserin.yvonne.fi\/hinnasto\/#breadcrumb","itemListElement":[{"@type":"ListItem","position":1,"name":"Etusivu","item":"https:\/\/laserin.yvonne.fi\/"},{"@type":"ListItem","position":2,"name":"Hinnasto"}]},{"@type":"WebSite","@id":"https:\/\/laserin.yvonne.fi\/#website","url":"https:\/\/laserin.yvonne.fi\/","name":"Laserin Etcetera","description":"Hoivaa ammattitaidolla","publisher":{"@id":"https:\/\/laserin.yvonne.fi\/#organization"},"potentialAction":[{"@type":"SearchAction","target":{"@type":"EntryPoint","urlTemplate":"https:\/\/laserin.yvonne.fi\/?s={search_term_string}"},"query-input":"required name=search_term_string"}],"inLanguage":"sv-SE"},{"@type":"Organization","@id":"https:\/\/laserin.yvonne.fi\/#organization","name":"Laserin Etcetera","url":"https:\/\/laserin.yvonne.fi\/","logo":{"@type":"ImageObject","inLanguage":"sv-SE","@id":"https:\/\/laserin.yvonne.fi\/#\/schema\/logo\/image\/","url":"https:\/\/laserin.yvonne.fi\/wp-content\/uploads\/2022\/08\/logo-agency.png","contentUrl":"https:\/\/laserin.yvonne.fi\/wp-content\/uploads\/2022\/08\/logo-agency.png","width":200,"height":200,"caption":"Laserin Etcetera"},"image":{"@id":"https:\/\/laserin.yvonne.fi\/#\/schema\/logo\/image\/"}}]}},"_links":{"self":[{"href":"https:\/\/laserin.yvonne.fi\/sv\/wp-json\/wp\/v2\/pages\/11"}],"collection":[{"href":"https:\/\/laserin.yvonne.fi\/sv\/wp-json\/wp\/v2\/pages"}],"about":[{"href":"https:\/\/laserin.yvonne.fi\/sv\/wp-json\/wp\/v2\/types\/page"}],"author":[{"embeddable":true,"href":"https:\/\/laserin.yvonne.fi\/sv\/wp-json\/wp\/v2\/users\/1"}],"replies":[{"embeddable":true,"href":"https:\/\/laserin.yvonne.fi\/sv\/wp-json\/wp\/v2\/comments?post=11"}],"version-history":[{"count":13,"href":"https:\/\/laserin.yvonne.fi\/sv\/wp-json\/wp\/v2\/pages\/11\/revisions"}],"predecessor-version":[{"id":165,"href":"https:\/\/laserin.yvonne.fi\/sv\/wp-json\/wp\/v2\/pages\/11\/revisions\/165"}],"wp:attachment":[{"href":"https:\/\/laserin.yvonne.fi\/sv\/wp-json\/wp\/v2\/media?parent=11"}],"curies":[{"name":"wp","href":"https:\/\/api.w.org\/{rel}","templated":true}]}}