{"id":60,"date":"2022-08-06T08:36:42","date_gmt":"2022-08-06T08:36:42","guid":{"rendered":"https:\/\/laserin.yvonne.fi\/?page_id=60"},"modified":"2023-04-02T05:37:46","modified_gmt":"2023-04-02T05:37:46","slug":"laaketieteellinen-laserhoito","status":"publish","type":"page","link":"https:\/\/laserin.yvonne.fi\/sv\/laaketieteellinen-laserhoito\/","title":{"rendered":"Medicinsk laser"},"content":{"rendered":"<figure class=\"wp-block-pullquote\"><blockquote><p>Laserin Etcetera \u00e4r medlem i Finska Lasermedicinska S\u00e4llskapet \/FLMS). Jag gj\u00f6r laserbehandlingar professionellt enligt kundens behov, med en erfarenhet p\u00e5 mer \u00e4n 16 \u00e5r.<br>Med medicinsk laser kan man behandla problem i muskler, senor, leder och hud - sm\u00e4rtfritt och utan bi-effekter.<\/p><\/blockquote><\/figure>\n\n\n\n<div class=\"wp-block-cover\"><span aria-hidden=\"true\" class=\"wp-block-cover__background has-neve-link-hover-color-background-color has-background-dim-100 has-background-dim\"><\/span><div class=\"wp-block-cover__inner-container\">\n<p class=\"has-text-align-center has-large-font-size\">Vad \u00e4r laser?<\/p>\n\n\n\n<p class=\"has-text-align-center\">Laser \u00e4r mycket rent ljus, med endast en frekvens. Laserljuset stimulerar vissa cellmekanismer, som aktiverar helningsprocesser i v\u00e4vnaden.<\/p>\n<\/div><\/div>\n\n\n\n<h2 class=\"wp-block-heading\">Med laser kan behandlas bl.a.<\/h2>\n\n\n\n<ul>\n<li>&nbsp;Muskelv\u00e4rk och inflammationer.<\/li>\n\n\n\n<li>Ond rygg, handleder, axlar och kn\u00e4.<\/li>\n\n\n\n<li>Tennisarmb\u00e5ge<\/li>\n\n\n\n<li>Ledv\u00e4rk och - inflammationer<\/li>\n\n\n\n<li>Idrottssador, t.ex. slitage eller \u00f6verbelastning<\/li>\n\n\n\n<li>V\u00e4rk- och inflammationer i senor.<\/li>\n\n\n\n<li>Bih\u00e5le- och \u00f6roninflammationer<\/li>\n<\/ul>","protected":false},"excerpt":{"rendered":"<p>Laserin Etcetera on Suomen L\u00e4\u00e4ketieteellisen Laseryhdistyksen (SLLY) j\u00e4sen. Suoritan laserhoidot asiantuntevasti asiakkaan tarpeiden mukaan, 16 vuoden kokemuksella.L\u00e4\u00e4ketieteellisell\u00e4 laserilla voidaan hoitaa ongelmia lihaksissa, j\u00e4nteiss\u00e4, niveliss\u00e4 ja ihossa \u2013 kivuttomasti ja ilman sivuvaikutuksia. Laserilla voidaan hoitaa mm.<\/p>","protected":false},"author":1,"featured_media":0,"parent":0,"menu_order":0,"comment_status":"closed","ping_status":"closed","template":"","meta":{"neve_meta_sidebar":"","neve_meta_container":"","neve_meta_enable_content_width":"","neve_meta_content_width":0,"neve_meta_title_alignment":"","neve_meta_author_avatar":"","neve_post_elements_order":"","neve_meta_disable_header":"","neve_meta_disable_footer":"","neve_meta_disable_title":""},"yoast_head":"<!-- This site is optimized with the Yoast SEO plugin v20.4 - https:\/\/yoast.com\/wordpress\/plugins\/seo\/ -->\n<title>L\u00e4\u00e4ketieteellinen laserhoito - Laserin Etcetera<\/title>\n<meta name=\"robots\" content=\"index, follow, max-snippet:-1, max-image-preview:large, max-video-preview:-1\" \/>\n<link rel=\"canonical\" href=\"https:\/\/laserin.yvonne.fi\/sv\/laaketieteellinen-laserhoito\/\" \/>\n<meta property=\"og:locale\" content=\"sv_SE\" \/>\n<meta property=\"og:type\" content=\"article\" \/>\n<meta property=\"og:title\" content=\"L\u00e4\u00e4ketieteellinen laserhoito - Laserin Etcetera\" \/>\n<meta property=\"og:description\" content=\"Laserin Etcetera on Suomen L\u00e4\u00e4ketieteellisen Laseryhdistyksen (SLLY) j\u00e4sen. Suoritan laserhoidot asiantuntevasti asiakkaan tarpeiden mukaan, 16 vuoden kokemuksella.L\u00e4\u00e4ketieteellisell\u00e4 laserilla voidaan hoitaa ongelmia lihaksissa, j\u00e4nteiss\u00e4, niveliss\u00e4 ja ihossa \u2013 kivuttomasti ja ilman sivuvaikutuksia. Laserilla voidaan hoitaa mm.\" \/>\n<meta property=\"og:url\" content=\"https:\/\/laserin.yvonne.fi\/sv\/laaketieteellinen-laserhoito\/\" \/>\n<meta property=\"og:site_name\" content=\"Laserin Etcetera\" \/>\n<meta property=\"article:modified_time\" content=\"2023-04-02T05:37:46+00:00\" \/>\n<meta name=\"twitter:card\" content=\"summary_large_image\" \/>\n<meta name=\"twitter:label1\" content=\"Ber\u00e4knad l\u00e4stid\" \/>\n\t<meta name=\"twitter:data1\" content=\"1 minut\" \/>\n<script type=\"application\/ld+json\" class=\"yoast-schema-graph\">{\"@context\":\"https:\/\/schema.org\",\"@graph\":[{\"@type\":\"WebPage\",\"@id\":\"https:\/\/laserin.yvonne.fi\/laaketieteellinen-laserhoito\/\",\"url\":\"https:\/\/laserin.yvonne.fi\/laaketieteellinen-laserhoito\/\",\"name\":\"L\u00e4\u00e4ketieteellinen laserhoito - Laserin Etcetera\",\"isPartOf\":{\"@id\":\"https:\/\/laserin.yvonne.fi\/#website\"},\"datePublished\":\"2022-08-06T08:36:42+00:00\",\"dateModified\":\"2023-04-02T05:37:46+00:00\",\"breadcrumb\":{\"@id\":\"https:\/\/laserin.yvonne.fi\/laaketieteellinen-laserhoito\/#breadcrumb\"},\"inLanguage\":\"sv-SE\",\"potentialAction\":[{\"@type\":\"ReadAction\",\"target\":[\"https:\/\/laserin.yvonne.fi\/laaketieteellinen-laserhoito\/\"]}]},{\"@type\":\"BreadcrumbList\",\"@id\":\"https:\/\/laserin.yvonne.fi\/laaketieteellinen-laserhoito\/#breadcrumb\",\"itemListElement\":[{\"@type\":\"ListItem\",\"position\":1,\"name\":\"Etusivu\",\"item\":\"https:\/\/laserin.yvonne.fi\/\"},{\"@type\":\"ListItem\",\"position\":2,\"name\":\"L\u00e4\u00e4ketieteellinen laserhoito\"}]},{\"@type\":\"WebSite\",\"@id\":\"https:\/\/laserin.yvonne.fi\/#website\",\"url\":\"https:\/\/laserin.yvonne.fi\/\",\"name\":\"Laserin Etcetera\",\"description\":\"Hoivaa ammattitaidolla\",\"publisher\":{\"@id\":\"https:\/\/laserin.yvonne.fi\/#organization\"},\"potentialAction\":[{\"@type\":\"SearchAction\",\"target\":{\"@type\":\"EntryPoint\",\"urlTemplate\":\"https:\/\/laserin.yvonne.fi\/?s={search_term_string}\"},\"query-input\":\"required name=search_term_string\"}],\"inLanguage\":\"sv-SE\"},{\"@type\":\"Organization\",\"@id\":\"https:\/\/laserin.yvonne.fi\/#organization\",\"name\":\"Laserin Etcetera\",\"url\":\"https:\/\/laserin.yvonne.fi\/\",\"logo\":{\"@type\":\"ImageObject\",\"inLanguage\":\"sv-SE\",\"@id\":\"https:\/\/laserin.yvonne.fi\/#\/schema\/logo\/image\/\",\"url\":\"https:\/\/laserin.yvonne.fi\/wp-content\/uploads\/2022\/08\/logo-agency.png\",\"contentUrl\":\"https:\/\/laserin.yvonne.fi\/wp-content\/uploads\/2022\/08\/logo-agency.png\",\"width\":200,\"height\":200,\"caption\":\"Laserin Etcetera\"},\"image\":{\"@id\":\"https:\/\/laserin.yvonne.fi\/#\/schema\/logo\/image\/\"}}]}<\/script>\n<!-- \/ Yoast SEO plugin. -->","yoast_head_json":{"title":"L\u00e4\u00e4ketieteellinen laserhoito - Laserin Etcetera","robots":{"index":"index","follow":"follow","max-snippet":"max-snippet:-1","max-image-preview":"max-image-preview:large","max-video-preview":"max-video-preview:-1"},"canonical":"https:\/\/laserin.yvonne.fi\/sv\/laaketieteellinen-laserhoito\/","og_locale":"sv_SE","og_type":"article","og_title":"L\u00e4\u00e4ketieteellinen laserhoito - Laserin Etcetera","og_description":"Laserin Etcetera on Suomen L\u00e4\u00e4ketieteellisen Laseryhdistyksen (SLLY) j\u00e4sen. Suoritan laserhoidot asiantuntevasti asiakkaan tarpeiden mukaan, 16 vuoden kokemuksella.L\u00e4\u00e4ketieteellisell\u00e4 laserilla voidaan hoitaa ongelmia lihaksissa, j\u00e4nteiss\u00e4, niveliss\u00e4 ja ihossa \u2013 kivuttomasti ja ilman sivuvaikutuksia. Laserilla voidaan hoitaa mm.","og_url":"https:\/\/laserin.yvonne.fi\/sv\/laaketieteellinen-laserhoito\/","og_site_name":"Laserin Etcetera","article_modified_time":"2023-04-02T05:37:46+00:00","twitter_card":"summary_large_image","twitter_misc":{"Ber\u00e4knad l\u00e4stid":"1 minut"},"schema":{"@context":"https:\/\/schema.org","@graph":[{"@type":"WebPage","@id":"https:\/\/laserin.yvonne.fi\/laaketieteellinen-laserhoito\/","url":"https:\/\/laserin.yvonne.fi\/laaketieteellinen-laserhoito\/","name":"L\u00e4\u00e4ketieteellinen laserhoito - Laserin Etcetera","isPartOf":{"@id":"https:\/\/laserin.yvonne.fi\/#website"},"datePublished":"2022-08-06T08:36:42+00:00","dateModified":"2023-04-02T05:37:46+00:00","breadcrumb":{"@id":"https:\/\/laserin.yvonne.fi\/laaketieteellinen-laserhoito\/#breadcrumb"},"inLanguage":"sv-SE","potentialAction":[{"@type":"ReadAction","target":["https:\/\/laserin.yvonne.fi\/laaketieteellinen-laserhoito\/"]}]},{"@type":"BreadcrumbList","@id":"https:\/\/laserin.yvonne.fi\/laaketieteellinen-laserhoito\/#breadcrumb","itemListElement":[{"@type":"ListItem","position":1,"name":"Etusivu","item":"https:\/\/laserin.yvonne.fi\/"},{"@type":"ListItem","position":2,"name":"L\u00e4\u00e4ketieteellinen laserhoito"}]},{"@type":"WebSite","@id":"https:\/\/laserin.yvonne.fi\/#website","url":"https:\/\/laserin.yvonne.fi\/","name":"Laserin Etcetera","description":"Hoivaa ammattitaidolla","publisher":{"@id":"https:\/\/laserin.yvonne.fi\/#organization"},"potentialAction":[{"@type":"SearchAction","target":{"@type":"EntryPoint","urlTemplate":"https:\/\/laserin.yvonne.fi\/?s={search_term_string}"},"query-input":"required name=search_term_string"}],"inLanguage":"sv-SE"},{"@type":"Organization","@id":"https:\/\/laserin.yvonne.fi\/#organization","name":"Laserin Etcetera","url":"https:\/\/laserin.yvonne.fi\/","logo":{"@type":"ImageObject","inLanguage":"sv-SE","@id":"https:\/\/laserin.yvonne.fi\/#\/schema\/logo\/image\/","url":"https:\/\/laserin.yvonne.fi\/wp-content\/uploads\/2022\/08\/logo-agency.png","contentUrl":"https:\/\/laserin.yvonne.fi\/wp-content\/uploads\/2022\/08\/logo-agency.png","width":200,"height":200,"caption":"Laserin Etcetera"},"image":{"@id":"https:\/\/laserin.yvonne.fi\/#\/schema\/logo\/image\/"}}]}},"_links":{"self":[{"href":"https:\/\/laserin.yvonne.fi\/sv\/wp-json\/wp\/v2\/pages\/60"}],"collection":[{"href":"https:\/\/laserin.yvonne.fi\/sv\/wp-json\/wp\/v2\/pages"}],"about":[{"href":"https:\/\/laserin.yvonne.fi\/sv\/wp-json\/wp\/v2\/types\/page"}],"author":[{"embeddable":true,"href":"https:\/\/laserin.yvonne.fi\/sv\/wp-json\/wp\/v2\/users\/1"}],"replies":[{"embeddable":true,"href":"https:\/\/laserin.yvonne.fi\/sv\/wp-json\/wp\/v2\/comments?post=60"}],"version-history":[{"count":4,"href":"https:\/\/laserin.yvonne.fi\/sv\/wp-json\/wp\/v2\/pages\/60\/revisions"}],"predecessor-version":[{"id":167,"href":"https:\/\/laserin.yvonne.fi\/sv\/wp-json\/wp\/v2\/pages\/60\/revisions\/167"}],"wp:attachment":[{"href":"https:\/\/laserin.yvonne.fi\/sv\/wp-json\/wp\/v2\/media?parent=60"}],"curies":[{"name":"wp","href":"https:\/\/api.w.org\/{rel}","templated":true}]}}