{"id":66,"date":"2022-08-06T08:37:05","date_gmt":"2022-08-06T08:37:05","guid":{"rendered":"https:\/\/laserin.yvonne.fi\/?page_id=66"},"modified":"2023-04-02T05:37:35","modified_gmt":"2023-04-02T05:37:35","slug":"ipl-hoito","status":"publish","type":"page","link":"https:\/\/laserin.yvonne.fi\/sv\/ipl-hoito\/","title":{"rendered":"IPL-v\u00e5rd"},"content":{"rendered":"<p>Laserin Etcetera utf\u00f6r IPL- blixtljusbehandlingar med kunskap och expertis. IPL (Intense Pulsed Light) betyder behandling med en mycket stark ljusimpuls. Ljusimpuls behandlingen \u00e4r trygg, effektiv och n\u00e4stan sm\u00e4rtfritt.&nbsp;<\/p>\n\n\n\n<h2 class=\"wp-block-heading\">Hur g\u00e5r IPL-v\u00e5rden till?<\/h2>\n\n\n\n<p>Hoidon alkaessa silm\u00e4t suojataan laseilla ja hoidettavalle&nbsp;alueelle levitet\u00e4\u00e4n viilent\u00e4v\u00e4\u00e4&nbsp;geeli\u00e4. IPL-laitteen k\u00e4sikappaleen&nbsp;huurteisen kylm\u00e4&nbsp;lasiprisma asetetaan iholle,&nbsp;jotta hoidettava ihoalue ei l\u00e4mpenisi liikaa valoimpulssin vaikutuksesta.&nbsp;<\/p>\n\n\n\n<p><strong>Vid h\u00e5rborttagning<\/strong>&nbsp;f\u00f6rst\u00f6r ljuset h\u00e5rs\u00e4ckarna genom att genomtr\u00e4nga dem direkt. V\u00e5rden fungerar p\u00e5 m\u00f6rka h\u00e5r som har pigment.<\/p>\n\n\n\n<p><strong>Vid borttagning\/ blekande av ytliga blodk\u00e4rl<\/strong>&nbsp;valo&nbsp;vaikuttaa kasvojen&nbsp;ohuisiin&nbsp;verisuoniin,&nbsp;jonka j\u00e4lkeen hyytynyt veri poistuu kehosta&nbsp;aineenvaihdunnan seurauksena noin kahdessa viikossa.<\/p>\n\n\n\n<p>Antalet v\u00e5rdg\u00e5nger beror p\u00e5 utg\u00e5ngsl\u00e4get och omr\u00e5de som skall behandlas.<\/p>\n\n\n\n<p>Efter v\u00e5rden kan det uppkomma mindre hetta och rodnad, men det avtar vanligen p\u00e5 1 dygn. V\u00e5rden kr\u00e4ver ingen konvalecenstid.<\/p>\n\n\n\n<h2 class=\"wp-block-heading\">Ofta st\u00e4llda fr\u00e5gor<\/h2>\n\n\n\n<div class=\"wp-block-aab-group-accordion aagb_accordion_8538aad4-b52b-4105-8abb-157cfebcbc38\">\n\n<div class=\"wp-block-aab-accordion-item aagb__accordion_container\" style=\"border:1px solid #cccccc;margin-top:0px;margin-bottom:15px;border-radius:0px\"><div class=\"aagb__accordion_head aab_right_icon\" data-active=\"false\" style=\"color:#333333;background-color:transparent;padding:10px 15px 10px 15px\"><div class=\"aagb__accordion_heading aab_right_icon\"><h4 class=\"aagb__accordion_title\" style=\"margin:0;color:#333333\">Vilka omr\u00e5den p\u00e5 kroppen kan behandlas?<\/h4><\/div><div class=\"aagb__accordion_icon\" style=\"color:#333333;background-color:transparent\"><span class=\"aagb__icon dashicons dashicons-plus-alt2\"><\/span><\/div><\/div><div class=\"aagb__accordion_body\" role=\"region\" style=\"background-color:transparent;border-top:1px solid #cccccc;padding:10px 15px 10px 15px\">\n\n<p>Alla, f\u00f6rutom runt \u00f6gonen.<\/p>\n\n<\/div><\/div>\n\n\n<div class=\"wp-block-aab-accordion-item aagb__accordion_container\" style=\"border:1px solid #cccccc;margin-top:0px;margin-bottom:15px;border-radius:0px\"><div class=\"aagb__accordion_head aab_right_icon\" data-active=\"false\" style=\"color:#333333;background-color:transparent;padding:10px 15px 10px 15px\"><div class=\"aagb__accordion_heading aab_right_icon\"><h4 class=\"aagb__accordion_title\" style=\"margin:0;color:#333333\">G\u00f6r IPL-v\u00e5rden ont?<\/h4><\/div><div class=\"aagb__accordion_icon\" style=\"color:#333333;background-color:transparent\"><span class=\"aagb__icon dashicons dashicons-plus-alt2\"><\/span><\/div><\/div><div class=\"aagb__accordion_body\" role=\"region\" style=\"background-color:transparent;border-top:1px solid #cccccc;padding:10px 15px 10px 15px\">\n\n<p>P\u00e5 huden k\u00e4nns bara ett litet knip.<\/p>\n\n<\/div><\/div>\n\n\n<div class=\"wp-block-aab-accordion-item aagb__accordion_container\" style=\"border:1px solid #cccccc;margin-top:0px;margin-bottom:15px;border-radius:0px\"><div class=\"aagb__accordion_head aab_right_icon\" data-active=\"false\" style=\"color:#333333;background-color:transparent;padding:10px 15px 10px 15px\"><div class=\"aagb__accordion_heading aab_right_icon\"><h4 class=\"aagb__accordion_title\" style=\"margin:0;color:#333333\">Mit\u00e4 tuntemuksia voi ilmet\u00e4&nbsp;hoidon j\u00e4lkeen?<\/h4><\/div><div class=\"aagb__accordion_icon\" style=\"color:#333333;background-color:transparent\"><span class=\"aagb__icon dashicons dashicons-plus-alt2\"><\/span><\/div><\/div><div class=\"aagb__accordion_body\" role=\"region\" style=\"background-color:transparent;border-top:1px solid #cccccc;padding:10px 15px 10px 15px\">\n\n<h2 class=\"wp-block-heading\"><\/h2>\n\n\n<p>Genast efter v\u00e5rden kan det f\u00f6rekomma tillf\u00e4lligt lite solbr\u00e4nna. I endel fall kan det f\u00f6rekomma lite svullnad, som p\u00e5minner om symtom vid solbr\u00e4nna. Det brukar vanligen f\u00f6rsvinna under samma dag. P\u00e5 det irriterade omr\u00e5det kan mejk anv\u00e4ndas f\u00f6rsiktigt de p\u00e5f\u00f6ljande dagarna.<\/p>\n\n\n<p>Efter h\u00e5rborttagning blir det s\u00e4llan k\u00e4nningar efter\u00e5t.&nbsp;<\/p>\n\n<\/div><\/div>\n\n\n<div class=\"wp-block-aab-accordion-item aagb__accordion_container\" style=\"border:1px solid #cccccc;margin-top:0px;margin-bottom:15px;border-radius:0px\"><div class=\"aagb__accordion_head aab_right_icon\" data-active=\"false\" style=\"color:#333333;background-color:transparent;padding:10px 15px 10px 15px\"><div class=\"aagb__accordion_heading aab_right_icon\"><h4 class=\"aagb__accordion_title\" style=\"margin:0;color:#333333\">\u00c4r det alltid m\u00f6jligt att g\u00f6ra behandlingen?<\/h4><\/div><div class=\"aagb__accordion_icon\" style=\"color:#333333;background-color:transparent\"><span class=\"aagb__icon dashicons dashicons-plus-alt2\"><\/span><\/div><\/div><div class=\"aagb__accordion_body\" role=\"region\" style=\"background-color:transparent;border-top:1px solid #cccccc;padding:10px 15px 10px 15px\">\n\n<p>Endel mediciner och sjukdomar \u00e4r kontra-indikationer. Personer under 18 \u00e5r m\u00e5ste ha v\u00e5rdnadshavarens tillst\u00e5nd. Ett tatuerat omr\u00e5de kan inte behandlas med IPL. I fall huden \u00e4r naturligt m\u00f6rk, kan man inte behandla med ljusimpuls. Det samma g\u00e4ller f\u00f6r solbrun hud. Ber\u00e4tta alltid om grundsjukdomar och best\u00e5ende medicineringar f\u00f6re v\u00e5rden. I fall du har fr\u00e5gor, <a href=\"https:\/\/laserin.yvonne.fi\/index.php\/contact\/\">f\u00e5r du g\u00e4rna vara i kontakt.<\/a>!<\/p>\n\n<\/div><\/div>\n\n\n<div class=\"wp-block-aab-accordion-item aagb__accordion_container\" style=\"border:1px solid #cccccc;margin-top:0px;margin-bottom:15px;border-radius:0px\"><div class=\"aagb__accordion_head aab_right_icon\" data-active=\"false\" style=\"color:#333333;background-color:transparent;padding:10px 15px 10px 15px\"><div class=\"aagb__accordion_heading aab_right_icon\"><h4 class=\"aagb__accordion_title\" style=\"margin:0;color:#333333\">Hur ofta beh\u00f6vs behandling?<\/h4><\/div><div class=\"aagb__accordion_icon\" style=\"color:#333333;background-color:transparent\"><span class=\"aagb__icon dashicons dashicons-plus-alt2\"><\/span><\/div><\/div><div class=\"aagb__accordion_body\" role=\"region\" style=\"background-color:transparent;border-top:1px solid #cccccc;padding:10px 15px 10px 15px\">\n\n<p>Antalet v\u00e5rdg\u00e5nget \u00e4r individuellt. Vid h\u00e5rborttagning, beroende p\u00e5 omr\u00e5det, r\u00e4cker det vanligtvis<br>mad 4-7 g\u00e5nger. Mellanrummet mellan behandlingarna \u00e4r ca, 5 veckor. Vid borttagning av blodk\u00f6rl kan till och med endast 1 g\u00e5ng r\u00e4cka.<br>En del blod\u00e5dror f\u00f6rsvinner genast, andra blir f\u00f6rst gradvis ljusare under ett par veckors tid, beroende p\u00e5 blod\u00e5derns b\u00e5de storlek och djup. I fall det \u00e4r mycket blod\u00e5dror, kan det beh\u00f6vas 2-3 behandlingar med 2-3 veckors intervaller.<\/p>\n\n<\/div><\/div>\n\n\n<div class=\"wp-block-aab-accordion-item aagb__accordion_container\" style=\"border:1px solid #cccccc;margin-top:0px;margin-bottom:15px;border-radius:0px\"><div class=\"aagb__accordion_head aab_right_icon\" data-active=\"false\" style=\"color:#333333;background-color:transparent;padding:10px 15px 10px 15px\"><div class=\"aagb__accordion_heading aab_right_icon\"><h4 class=\"aagb__accordion_title\" style=\"margin:0;color:#333333\">Mit\u00e4 on otettava&nbsp;huomioon&nbsp;ennen hoitoa?&nbsp;<\/h4><\/div><div class=\"aagb__accordion_icon\" style=\"color:#333333;background-color:transparent\"><span class=\"aagb__icon dashicons dashicons-plus-alt2\"><\/span><\/div><\/div><div class=\"aagb__accordion_body\" role=\"region\" style=\"background-color:transparent;border-top:1px solid #cccccc;padding:10px 15px 10px 15px\">\n\n<p>Dagen f\u00f6re v\u00e5rden skall man sj\u00e4lv hyvla de omr\u00e5den som skall behandlas, med en vanlig hyvel. H\u00e5ren f\u00e5r inte nyppas eller tas bort med sockring en m\u00e5nad f\u00f6re behandlingen. Det \u00e4r viktigt att det finns m\u00f6rkt h\u00e5r i h\u00e5rs\u00e4cken, f\u00f6r ljuset tar specifikt just p\u00e5 pigmenterat h\u00e5r under huden. Man beh\u00f6ver \u00e4nd\u00e5 inte odla h\u00e5ret l\u00e5ngt f\u00f6re behandlingen.&nbsp;<\/p>\n\n\n<p>En m\u00e5nad f\u00f6re behandlingen skall man inte solbada eller g\u00e5 i solarium.<\/p>\n\n<\/div><\/div>\n\n\n<div class=\"wp-block-aab-accordion-item aagb__accordion_container\" style=\"border:1px solid #cccccc;margin-top:0px;margin-bottom:15px;border-radius:0px\"><div class=\"aagb__accordion_head aab_right_icon\" data-active=\"false\" style=\"color:#333333;background-color:transparent;padding:10px 15px 10px 15px\"><div class=\"aagb__accordion_heading aab_right_icon\"><h4 class=\"aagb__accordion_title\" style=\"margin:0;color:#333333\">\u00c4r komplikationer m\u00f6jliga?<\/h4><\/div><div class=\"aagb__accordion_icon\" style=\"color:#333333;background-color:transparent\"><span class=\"aagb__icon dashicons dashicons-plus-alt2\"><\/span><\/div><\/div><div class=\"aagb__accordion_body\" role=\"region\" style=\"background-color:transparent;border-top:1px solid #cccccc;padding:10px 15px 10px 15px\">\n\n<p>Solbr\u00e4nna, bl\u00e5sor och sm\u00e4rre kliande kan f\u00f6rekomma. Symtomen f\u00f6rsvinner vanligen p\u00e5 n\u00e5gra dagar. F\u00f6r att huden inte skall brinna, kan man g\u00f6ra provbehandling med olika effekter, f\u00f6re ett st\u00f6rre omr\u00e5de behandlas. I n\u00e5gra enstaka s\u00e4llsynta fall kan huden tempor\u00e4rt bli en aning ljusare eller m\u00f6rkare (hypo- eller hyperpigmentering), men \u00e4ved det \u00e4r tillf\u00e4lligt.<\/p>\n\n<\/div><\/div>\n\n<\/div>\n\n\n\t<div class=\"body-inner container-fluid price_wrapper df-spl-pull-left col-md-12 spl_main_content_box\" id=\"spl_1630480939\" data-style=\"\" style=\"max-width:;margin-left:auto;margin-right:auto; \">\n\t\t\t\t\t<div class=\"head-title\">\n\t\t\t\t<span>\n\t\t\t\t\t\t\t\t\t\t<\/span>\n\t\t\t<\/div>\n\t\t\t\t\t\t\t\t\t<div class=\"tabs_spl\">\n\t\t\t\t\t\t\t\t\t<!-- Nav tabs -->\n\t\t\t\t\t<!-- <input style=\"display: none\" id=\"input-tags\" value=\"awesome,neat\" autocomplete=\"off\" placeholder=\"How cool is this?\"> -->\n\t\t\t\t\t<ul class=\"tab-links_spl\">\n\t\t\t\t\t\t\t\t\t\t\t\t\t<li class=\"active\">\n\t\t\t\t\t\t\t\t<a href=\"#all_1630480939\">All<\/a>\n\t\t\t\t\t\t\t<\/li>\n\t\t\t\t\t\t\t\t\t\t\t\t\t\t\t\t<\/ul>\n\t\t\t\t\t\t\t\t<!-- style6, style-6 style 6 initiation -->\n\t\t\t\t<!-- Tab panes -->\n\t\t\t\t<div class=\"tab-content1\">\n\t\t\t\t\t\t\t\t\t<div class=\"tab active\" id=\"all_1630480939\" style=\"display:block\">\n\t\t\t\t\t<\/div>\n\t\t\t\t\t\t\t\t<\/div>\n\t\t\t<\/div>\n\t\t\t<\/div>\n\t<!--AK Style -->\n<style type=\"text\/css\">\n\t\t\t\t\t\t \t\t\t\t\t\t\t\t\t\t\t\n\t\/* start font weight css *\/\n\t\n\t\/* end font weight css *\/\n\t\t\t\/** start of dropdown width *\/\n\t\t\/** end of dropdown width *\/\n\n\t\/* start category dynamic font weight setting style 3 *\/\n\t\n\t\/* end category dynamic font weight setting style 3*\/\n\t\/* start service dynamic font weight style 2*\/\n\t\n\t\/* end service dynamic font weight style 2*\/\n\t\/* start service dynamic font weight *\/\n\t\n\t\/* end service dynamic font weight *\/\n\t\n\t\/* start service description dynamic font weight *\/\n\t\n\t\/* end service description dynamic font weight *\/\n\t\/*start category dynamic font size style 2*\/\n\t\n\t\/* end category dynamic font size style 2 *\/\n\t\/* start category dynamic font weight style 2 *\/\n\t\n\t\/* end category dynamic font weight style 2 *\/\n\t\t\t\t\t\t\t\t\n\t\/* start service price dynmaic font weight setting *\/\n\t\n\t\/* end service price dynamic font weight setting *\/\n\t\t\t\t#spl_1630480939.price_wrapper .tabs_spl ul.tab-links_spl li:before {\n\t\tfont-family: FontAwesome !important;\n\t\tfont-weight: normal !important;\n\t\tfont-style: normal !important;\n\t\tdisplay: inline-block !important;\n\t\ttext-decoration: inherit !important;\n\t\t\/*content: \"\\F105\" !important;*\/\n\t\tposition: absolute !important;\n\t\tleft: 0 !important;\n\t}\n\n\t\t\t#spl_1630480939.price_wrapper .tabs_spl .tab-links_spl li.active a {\n\t\t\t}\n\n\t.custom-description-section {\n\t\ttext-align: center;\n\t\tpadding-bottom: 30px;\n\t\tcolor: ;\n\t\tfont-family: ;\n\t\tfont-size: inherit;\n\t\tfont-weight: ;\n\t}\n\n\t.without_tab {\n\t\tclear: both;\n\t\tpadding-top: 20px;\n\t}\n\n\th3.head-title {\n\t\tmargin: 15px 0px;\n\t}\n\n\t#spl_1630480939.price_wrapper ul.tab-links_spl li {\n\t\tpadding: 2px 5px !important;\n\t}\n\n\t\/******************* IF STYLE=1 and Stylish Button = On ********\/\n\t#spl_1630480939.price_wrapper ul.tab-links_spl li a {\n\t\t\t}\n\n\t#spl_1630480939.price_wrapper .style5_cat_tab ul.tab-links_spl li {\n\t\tbackground-color:  !important;\n\t\tpadding: 8px 22px !important;\n\t}\n\n\t#spl_1630480939.price_wrapper .style5_cat_tab ul.tab-links_spl li:before {\n\t\tdisplay: none !important;\n\t}\n\n\t#spl_1630480939.price_wrapper .df-spl-style7_cat_tab-container ul li:not(.active) a,\n\t#spl_1630480939.price_wrapper .df-spl-style8_cat_tab-container ul li:not(.active) a {\n\t\tcolor: ;\n\t}\n\n\t#spl_1630480939.price_wrapper .df-spl-style7_cat_tab-container ul li:before {\n\t\tdisplay: none !important;\n\t}\n\n\t#spl_1630480939.price_wrapper .for-style-3 span.head_title_style_3 {\n\t\t\t}\n\t#spl_1630480939.price_wrapper .spl_book_now_btn_style_3:hover {\n\t\tbackground-color:  !important;\n\t\tcolor: #fff;\n\t\tfont-family: \"\";\n\t}\n\t#spl_1630480939.price_wrapper .spl_book_now_btn_style_3 {\n\t\tfont-family: \"\";\n\t}\n\n\t\/*Book now button style 3*\/\n\t#spl_1630480939.spl_book_now_btn_style_3,\n\t#spl_1630480939.style-6-2-btn {\n\t\tbackground-color:  !important;\n\t\tcolor: #ffffff !important;\n\t}\n\n\t\n\t\/*\nStyle\n*\/\n\t#tiles_1630480939 {\n\t\tlist-style-type: none;\n\t\tposition: relative;\n\t\tmargin: 0;\n\t}\n\n\t#tiles_1630480939li {\n\t\twidth: 350px;\n\t\t-moz-border-radius: 2px;\n\t\t-webkit-border-radius: 2px;\n\t\tborder-radius: 2px;\n\t\tcursor: pointer;\n\t\tpadding: 4px;\n\t}\n\n\t#tiles_1630480939ali:nth-child(3n) {\n\t\theight: 175px;\n\t}\n\n\t#tiles_1630480939ali:nth-child(4n-3) {\n\t\tpadding-bottom: 30px;\n\t}\n\n\t#tiles_1630480939ali:nth-child(5n) {\n\t\theight: 250px;\n\t}\n\n\t#main_1630480939 {\n\t\tpadding: 30px 0 30px 0;\n\t}\n\n\t#main_1630480939 {\n\t\tpadding: 30px 0 30px 0;\n\t}\n\n\t.masonary-section ul {\n\t\tpadding-left: 0px !important;\n\t}\n\n\t.masonary-section ul {\n\t\tmargin: 0px !important;\n\t}\n\n\t#tiles_1630480939li {\n\t\tmargin: 0 auto !important;\n\t\tleft: list;\n\t\tlist-style-type: none;\n\t}\n\n\t@media screen and (max-width: 600px) {\n\t\t.masonry {\n\t\t\t-moz-column-count: 1;\n\t\t\t-webkit-column-count: 1;\n\t\t\tcolumn-count: 1;\n\t\t}\n\n\t\t#tiles_1630480939li {\n\t\t\tleft: -26px !important;\n\t\t}\n\t}\n<\/style>\n<!-- Include the plug-in -->\n<script type=\"text\/javascript\">\n\tjQuery(document).ready(new function() {\n\t\tfunction splWhenPluginAvailable(name, callback) {\n\t\t\tvar interval = 10; \/\/ ms\n\t\t\twindow.setTimeout(function () {\n\t\t\t\tif (jQuery()[name]) {\n\t\t\t\t\tcallback();\n\t\t\t\t} else {\n\t\t\t\t\tsplWhenPluginAvailable(name, callback);\n\t\t\t\t}\n\t\t\t}, interval)\n\t\t};\n\t\tvar width = jQuery(window).width();\n\t\tif (width > 1024) {\n\t\t\tjQuery('.brack_title_tablets').remove();\n\t\t} else {\n\t\t\tjQuery('.brack_title_desktop').remove();\n\t\t}\n\t\tif (width > 1024) {\n\t\t\tjQuery('.brack_title_tablets_tab').remove();\n\t\t} else {\n\t\t\tjQuery('.brack_title_desktop_tab').remove();\n\t\t}\n\t\t\/\/\/ Resize\n\t\tvar shortcodeid = \"_1630480939\";\n\t\t\n\t\tsplWhenPluginAvailable('wookmark', function() {\n\t\t\tjQuery('#tiles' + shortcodeid + ' li').wookmark({\n\t\t\t\tautoResize: true,\n\t\t\t\tcontainer: jQuery('#tiles' + shortcodeid),\n\t\t\t\toffset: 2,\n\t\t\t\titemWidth: 360,\n\t\t\t\tflexibleWidth: '50%'\n\t\t\t});\n\t\t});\n\t\tjQuery(window).trigger('resize');\n\t});\n<\/script>\n<!--AK Style -->","protected":false},"excerpt":{"rendered":"<p>Laserin Etcetera suorittaa IPL-valoimpulssihoidot asiantuntevasti. IPL (Intense Pulsed Light) tarkoittaa hoitoa voimakkailla valoimpulsseilla. Valoimpulssihoito on turvallista, tehokasta ja l\u00e4hes kivutonta.&nbsp; Mit\u00e4 IPL-hoidossa tehd\u00e4\u00e4n? Hoidon alkaessa silm\u00e4t suojataan laseilla ja hoidettavalle&nbsp;alueelle levitet\u00e4\u00e4n viilent\u00e4v\u00e4\u00e4&nbsp;geeli\u00e4. IPL-laitteen k\u00e4sikappaleen&nbsp;huurteisen kylm\u00e4&nbsp;lasiprisma asetetaan iholle,&nbsp;jotta hoidettava ihoalue ei l\u00e4mpenisi liikaa valoimpulssin vaikutuksesta.&nbsp; Karvanpoistossa&nbsp;valo tuhoaa karvatupet&nbsp;tunkeutumalla niihin suoraan. Hoito toimii tummissa karvoissa, joissa on&hellip;&nbsp;<a href=\"https:\/\/laserin.yvonne.fi\/sv\/ipl-hoito\/\" class=\"\" rel=\"bookmark\">L\u00e4s mer &raquo;<span class=\"screen-reader-text\">IPL-v\u00e5rd<\/span><\/a><\/p>","protected":false},"author":1,"featured_media":0,"parent":0,"menu_order":0,"comment_status":"closed","ping_status":"closed","template":"","meta":{"neve_meta_sidebar":"","neve_meta_container":"","neve_meta_enable_content_width":"","neve_meta_content_width":0,"neve_meta_title_alignment":"","neve_meta_author_avatar":"","neve_post_elements_order":"","neve_meta_disable_header":"","neve_meta_disable_footer":"","neve_meta_disable_title":""},"yoast_head":"<!-- This site is optimized with the Yoast SEO plugin v20.4 - https:\/\/yoast.com\/wordpress\/plugins\/seo\/ -->\n<title>IPL-hoito - Laserin Etcetera<\/title>\n<meta name=\"robots\" content=\"index, follow, max-snippet:-1, max-image-preview:large, max-video-preview:-1\" \/>\n<link rel=\"canonical\" href=\"https:\/\/laserin.yvonne.fi\/sv\/ipl-hoito\/\" \/>\n<meta property=\"og:locale\" content=\"sv_SE\" \/>\n<meta property=\"og:type\" content=\"article\" \/>\n<meta property=\"og:title\" content=\"IPL-hoito - Laserin Etcetera\" \/>\n<meta property=\"og:description\" content=\"Laserin Etcetera suorittaa IPL-valoimpulssihoidot asiantuntevasti. IPL (Intense Pulsed Light) tarkoittaa hoitoa voimakkailla valoimpulsseilla. Valoimpulssihoito on turvallista, tehokasta ja l\u00e4hes kivutonta.&nbsp; Mit\u00e4 IPL-hoidossa tehd\u00e4\u00e4n? Hoidon alkaessa silm\u00e4t suojataan laseilla ja hoidettavalle&nbsp;alueelle levitet\u00e4\u00e4n viilent\u00e4v\u00e4\u00e4&nbsp;geeli\u00e4. IPL-laitteen k\u00e4sikappaleen&nbsp;huurteisen kylm\u00e4&nbsp;lasiprisma asetetaan iholle,&nbsp;jotta hoidettava ihoalue ei l\u00e4mpenisi liikaa valoimpulssin vaikutuksesta.&nbsp; Karvanpoistossa&nbsp;valo tuhoaa karvatupet&nbsp;tunkeutumalla niihin suoraan. Hoito toimii tummissa karvoissa, joissa on&hellip;&nbsp;L\u00e4s mer &raquo;IPL-hoito\" \/>\n<meta property=\"og:url\" content=\"https:\/\/laserin.yvonne.fi\/sv\/ipl-hoito\/\" \/>\n<meta property=\"og:site_name\" content=\"Laserin Etcetera\" \/>\n<meta property=\"article:modified_time\" content=\"2023-04-02T05:37:35+00:00\" \/>\n<meta name=\"twitter:card\" content=\"summary_large_image\" \/>\n<script type=\"application\/ld+json\" class=\"yoast-schema-graph\">{\"@context\":\"https:\/\/schema.org\",\"@graph\":[{\"@type\":\"WebPage\",\"@id\":\"https:\/\/laserin.yvonne.fi\/ipl-hoito\/\",\"url\":\"https:\/\/laserin.yvonne.fi\/ipl-hoito\/\",\"name\":\"IPL-hoito - Laserin Etcetera\",\"isPartOf\":{\"@id\":\"https:\/\/laserin.yvonne.fi\/#website\"},\"datePublished\":\"2022-08-06T08:37:05+00:00\",\"dateModified\":\"2023-04-02T05:37:35+00:00\",\"breadcrumb\":{\"@id\":\"https:\/\/laserin.yvonne.fi\/ipl-hoito\/#breadcrumb\"},\"inLanguage\":\"sv-SE\",\"potentialAction\":[{\"@type\":\"ReadAction\",\"target\":[\"https:\/\/laserin.yvonne.fi\/ipl-hoito\/\"]}]},{\"@type\":\"BreadcrumbList\",\"@id\":\"https:\/\/laserin.yvonne.fi\/ipl-hoito\/#breadcrumb\",\"itemListElement\":[{\"@type\":\"ListItem\",\"position\":1,\"name\":\"Etusivu\",\"item\":\"https:\/\/laserin.yvonne.fi\/\"},{\"@type\":\"ListItem\",\"position\":2,\"name\":\"IPL-hoito\"}]},{\"@type\":\"WebSite\",\"@id\":\"https:\/\/laserin.yvonne.fi\/#website\",\"url\":\"https:\/\/laserin.yvonne.fi\/\",\"name\":\"Laserin Etcetera\",\"description\":\"Hoivaa ammattitaidolla\",\"publisher\":{\"@id\":\"https:\/\/laserin.yvonne.fi\/#organization\"},\"potentialAction\":[{\"@type\":\"SearchAction\",\"target\":{\"@type\":\"EntryPoint\",\"urlTemplate\":\"https:\/\/laserin.yvonne.fi\/?s={search_term_string}\"},\"query-input\":\"required name=search_term_string\"}],\"inLanguage\":\"sv-SE\"},{\"@type\":\"Organization\",\"@id\":\"https:\/\/laserin.yvonne.fi\/#organization\",\"name\":\"Laserin Etcetera\",\"url\":\"https:\/\/laserin.yvonne.fi\/\",\"logo\":{\"@type\":\"ImageObject\",\"inLanguage\":\"sv-SE\",\"@id\":\"https:\/\/laserin.yvonne.fi\/#\/schema\/logo\/image\/\",\"url\":\"https:\/\/laserin.yvonne.fi\/wp-content\/uploads\/2022\/08\/logo-agency.png\",\"contentUrl\":\"https:\/\/laserin.yvonne.fi\/wp-content\/uploads\/2022\/08\/logo-agency.png\",\"width\":200,\"height\":200,\"caption\":\"Laserin Etcetera\"},\"image\":{\"@id\":\"https:\/\/laserin.yvonne.fi\/#\/schema\/logo\/image\/\"}}]}<\/script>\n<!-- \/ Yoast SEO plugin. -->","yoast_head_json":{"title":"IPL-hoito - Laserin Etcetera","robots":{"index":"index","follow":"follow","max-snippet":"max-snippet:-1","max-image-preview":"max-image-preview:large","max-video-preview":"max-video-preview:-1"},"canonical":"https:\/\/laserin.yvonne.fi\/sv\/ipl-hoito\/","og_locale":"sv_SE","og_type":"article","og_title":"IPL-hoito - Laserin Etcetera","og_description":"Laserin Etcetera suorittaa IPL-valoimpulssihoidot asiantuntevasti. IPL (Intense Pulsed Light) tarkoittaa hoitoa voimakkailla valoimpulsseilla. Valoimpulssihoito on turvallista, tehokasta ja l\u00e4hes kivutonta.&nbsp; Mit\u00e4 IPL-hoidossa tehd\u00e4\u00e4n? Hoidon alkaessa silm\u00e4t suojataan laseilla ja hoidettavalle&nbsp;alueelle levitet\u00e4\u00e4n viilent\u00e4v\u00e4\u00e4&nbsp;geeli\u00e4. IPL-laitteen k\u00e4sikappaleen&nbsp;huurteisen kylm\u00e4&nbsp;lasiprisma asetetaan iholle,&nbsp;jotta hoidettava ihoalue ei l\u00e4mpenisi liikaa valoimpulssin vaikutuksesta.&nbsp; Karvanpoistossa&nbsp;valo tuhoaa karvatupet&nbsp;tunkeutumalla niihin suoraan. Hoito toimii tummissa karvoissa, joissa on&hellip;&nbsp;L\u00e4s mer &raquo;IPL-hoito","og_url":"https:\/\/laserin.yvonne.fi\/sv\/ipl-hoito\/","og_site_name":"Laserin Etcetera","article_modified_time":"2023-04-02T05:37:35+00:00","twitter_card":"summary_large_image","schema":{"@context":"https:\/\/schema.org","@graph":[{"@type":"WebPage","@id":"https:\/\/laserin.yvonne.fi\/ipl-hoito\/","url":"https:\/\/laserin.yvonne.fi\/ipl-hoito\/","name":"IPL-hoito - Laserin Etcetera","isPartOf":{"@id":"https:\/\/laserin.yvonne.fi\/#website"},"datePublished":"2022-08-06T08:37:05+00:00","dateModified":"2023-04-02T05:37:35+00:00","breadcrumb":{"@id":"https:\/\/laserin.yvonne.fi\/ipl-hoito\/#breadcrumb"},"inLanguage":"sv-SE","potentialAction":[{"@type":"ReadAction","target":["https:\/\/laserin.yvonne.fi\/ipl-hoito\/"]}]},{"@type":"BreadcrumbList","@id":"https:\/\/laserin.yvonne.fi\/ipl-hoito\/#breadcrumb","itemListElement":[{"@type":"ListItem","position":1,"name":"Etusivu","item":"https:\/\/laserin.yvonne.fi\/"},{"@type":"ListItem","position":2,"name":"IPL-hoito"}]},{"@type":"WebSite","@id":"https:\/\/laserin.yvonne.fi\/#website","url":"https:\/\/laserin.yvonne.fi\/","name":"Laserin Etcetera","description":"Hoivaa ammattitaidolla","publisher":{"@id":"https:\/\/laserin.yvonne.fi\/#organization"},"potentialAction":[{"@type":"SearchAction","target":{"@type":"EntryPoint","urlTemplate":"https:\/\/laserin.yvonne.fi\/?s={search_term_string}"},"query-input":"required name=search_term_string"}],"inLanguage":"sv-SE"},{"@type":"Organization","@id":"https:\/\/laserin.yvonne.fi\/#organization","name":"Laserin Etcetera","url":"https:\/\/laserin.yvonne.fi\/","logo":{"@type":"ImageObject","inLanguage":"sv-SE","@id":"https:\/\/laserin.yvonne.fi\/#\/schema\/logo\/image\/","url":"https:\/\/laserin.yvonne.fi\/wp-content\/uploads\/2022\/08\/logo-agency.png","contentUrl":"https:\/\/laserin.yvonne.fi\/wp-content\/uploads\/2022\/08\/logo-agency.png","width":200,"height":200,"caption":"Laserin Etcetera"},"image":{"@id":"https:\/\/laserin.yvonne.fi\/#\/schema\/logo\/image\/"}}]}},"_links":{"self":[{"href":"https:\/\/laserin.yvonne.fi\/sv\/wp-json\/wp\/v2\/pages\/66"}],"collection":[{"href":"https:\/\/laserin.yvonne.fi\/sv\/wp-json\/wp\/v2\/pages"}],"about":[{"href":"https:\/\/laserin.yvonne.fi\/sv\/wp-json\/wp\/v2\/types\/page"}],"author":[{"embeddable":true,"href":"https:\/\/laserin.yvonne.fi\/sv\/wp-json\/wp\/v2\/users\/1"}],"replies":[{"embeddable":true,"href":"https:\/\/laserin.yvonne.fi\/sv\/wp-json\/wp\/v2\/comments?post=66"}],"version-history":[{"count":10,"href":"https:\/\/laserin.yvonne.fi\/sv\/wp-json\/wp\/v2\/pages\/66\/revisions"}],"predecessor-version":[{"id":166,"href":"https:\/\/laserin.yvonne.fi\/sv\/wp-json\/wp\/v2\/pages\/66\/revisions\/166"}],"wp:attachment":[{"href":"https:\/\/laserin.yvonne.fi\/sv\/wp-json\/wp\/v2\/media?parent=66"}],"curies":[{"name":"wp","href":"https:\/\/api.w.org\/{rel}","templated":true}]}}