{"id":7,"date":"2022-08-05T15:02:36","date_gmt":"2022-08-05T15:02:36","guid":{"rendered":"https:\/\/laserin.yvonne.fi\/?page_id=7"},"modified":"2025-11-25T08:33:02","modified_gmt":"2025-11-25T08:33:02","slug":"etusivu","status":"publish","type":"page","link":"https:\/\/laserin.yvonne.fi\/sv\/","title":{"rendered":"Framsida"},"content":{"rendered":"<div class=\"wp-duotone-unset-2 wp-block-cover alignfull\" style=\"min-height:700px\"><span aria-hidden=\"true\" class=\"wp-block-cover__background has-background-dim-0 has-background-dim\"><\/span><img decoding=\"async\" loading=\"lazy\" width=\"1600\" height=\"1200\" class=\"wp-block-cover__image-background wp-image-182\" alt=\"\" src=\"https:\/\/laserin.yvonne.fi\/wp-content\/uploads\/2025\/11\/WhatsApp-Image-2025-11-25-at-08.50.53.jpeg\" style=\"object-position:50% 74%\" data-object-fit=\"cover\" data-object-position=\"50% 74%\" srcset=\"https:\/\/laserin.yvonne.fi\/wp-content\/uploads\/2025\/11\/WhatsApp-Image-2025-11-25-at-08.50.53.jpeg 1600w, https:\/\/laserin.yvonne.fi\/wp-content\/uploads\/2025\/11\/WhatsApp-Image-2025-11-25-at-08.50.53-300x225.jpeg 300w, https:\/\/laserin.yvonne.fi\/wp-content\/uploads\/2025\/11\/WhatsApp-Image-2025-11-25-at-08.50.53-1024x768.jpeg 1024w, https:\/\/laserin.yvonne.fi\/wp-content\/uploads\/2025\/11\/WhatsApp-Image-2025-11-25-at-08.50.53-768x576.jpeg 768w, https:\/\/laserin.yvonne.fi\/wp-content\/uploads\/2025\/11\/WhatsApp-Image-2025-11-25-at-08.50.53-1536x1152.jpeg 1536w, https:\/\/laserin.yvonne.fi\/wp-content\/uploads\/2025\/11\/WhatsApp-Image-2025-11-25-at-08.50.53-16x12.jpeg 16w\" sizes=\"(max-width: 1600px) 100vw, 1600px\" \/><div class=\"wp-block-cover__inner-container\">\n<div style=\"height:80px\" aria-hidden=\"true\" class=\"wp-block-spacer\"><\/div>\n\n\n\n<h1 class=\"wp-block-heading has-text-align-center has-nv-site-bg-color has-text-color\">V\u00e4lm\u00e5endetj\u00e4nster<br>i Kyrksl\u00e4tt<\/h1>\n\n\n\n<p class=\"has-text-align-center\" style=\"font-size:17px\">Till mina tj\u00e4nster h\u00f6r medicinsk laserbehandling och IPL- behandlingar samt klassisk- och idrottsmassage.<\/p>\n\n\n\n<div class=\"wp-block-buttons is-content-justification-center is-layout-flex wp-container-1\">\n<div class=\"wp-block-button is-style-primary\"><a class=\"wp-block-button__link wp-element-button\" href=\"https:\/\/laserin.yvonne.fi\/sv\/index.php\/ajanvaraus\/\">Tidsbokning<\/a><\/div>\n<\/div>\n\n\n\n<div style=\"height:80px\" aria-hidden=\"true\" class=\"wp-block-spacer\"><\/div>\n\n\n\n<div style=\"height:80px\" aria-hidden=\"true\" class=\"wp-block-spacer\"><\/div>\n<\/div><\/div>\n\n\n\n<div style=\"height:80px\" aria-hidden=\"true\" class=\"wp-block-spacer\"><\/div>\n\n\n\n<div class=\"wp-block-columns is-layout-flex wp-container-6\">\n<div class=\"wp-block-column is-layout-flow\"><div class=\"wp-block-image icon-style is-style-default\">\n<figure class=\"aligncenter is-resized\"><img decoding=\"async\" loading=\"lazy\" src=\"https:\/\/laserin.yvonne.fi\/wp-content\/themes\/neve\/assets\/img\/starter-content\/icon-03.svg\" alt=\"\" width=\"48\" height=\"48\"\/><\/figure><\/div>\n\n\n<h3 class=\"wp-block-heading has-text-align-center has-neve-text-color-color has-text-color\">Effektiv sm\u00e4rtlindring<\/h3>\n\n\n\n<p class=\"has-text-align-center\">Med medicinsk, sm\u00e4rtfri och unders\u00f6kt laser.<\/p>\n\n\n\n<div style=\"height:20px\" aria-hidden=\"true\" class=\"wp-block-spacer\"><\/div>\n<\/div>\n\n\n\n<div class=\"wp-block-column is-layout-flow\"><div class=\"wp-block-image icon-style is-style-default\">\n<figure class=\"aligncenter is-resized\"><img decoding=\"async\" loading=\"lazy\" src=\"https:\/\/laserin.yvonne.fi\/wp-content\/themes\/neve\/assets\/img\/starter-content\/icon-02.svg\" alt=\"\" width=\"48\" height=\"48\"\/><\/figure><\/div>\n\n\n<h3 class=\"wp-block-heading has-text-align-center has-neve-text-color-color has-text-color\">Muskelv\u00e5rd<\/h3>\n\n\n\n<p class=\"has-text-align-center\">Yrkeskunnigt sedan 2006.<br>B\u00e5de idrotts- och klassisk massage.<\/p>\n\n\n\n<div style=\"height:20px\" aria-hidden=\"true\" class=\"wp-block-spacer\"><\/div>\n<\/div>\n\n\n\n<div class=\"wp-block-column is-layout-flow\"><div class=\"wp-block-image icon-style is-style-rounded\">\n<figure class=\"aligncenter is-resized\"><img decoding=\"async\" loading=\"lazy\" src=\"https:\/\/laserin.yvonne.fi\/wp-content\/themes\/neve\/assets\/img\/starter-content\/icon-01.svg\" alt=\"\" width=\"48\" height=\"48\"\/><\/figure><\/div>\n\n\n<h3 class=\"wp-block-heading has-text-align-center has-neve-text-color-color has-text-color\">Eliminera kroppsh\u00e5r och couperosa<\/h3>\n\n\n\n<p class=\"has-text-align-center\">Med IPL-v\u00e5rd kan kroppsh\u00e5r tas permanent bort, och ytliga blodk\u00e4rl g\u00f6ras ljusare.<\/p>\n\n\n\n<div style=\"height:20px\" aria-hidden=\"true\" class=\"wp-block-spacer\"><\/div>\n<\/div>\n<\/div>\n\n\n\n<div style=\"height:80px\" aria-hidden=\"true\" class=\"wp-block-spacer\"><\/div>\n\n\n\n<div class=\"wp-block-cover alignfull\" style=\"min-height:600px\"><span aria-hidden=\"true\" class=\"wp-block-cover__background has-nv-light-bg-background-color has-background-dim-100 has-background-dim\"><\/span><div class=\"wp-block-cover__inner-container\">\n<div class=\"wp-block-group is-layout-flow\"><div class=\"wp-block-group__inner-container\">\n<div style=\"height:80px\" aria-hidden=\"true\" class=\"wp-block-spacer\"><\/div>\n\n\n\n<div class=\"wp-block-columns are-vertically-aligned-center is-layout-flex wp-container-10\">\n<div class=\"wp-block-column is-vertically-aligned-center is-layout-flow\" style=\"flex-basis:50%\">\n<figure class=\"wp-block-image size-large\"><img decoding=\"async\" loading=\"lazy\" width=\"1024\" height=\"683\" src=\"https:\/\/laserin.yvonne.fi\/wp-content\/uploads\/2022\/08\/close-up-hands-massaging-leg-scaled-1-1024x683.jpg\" alt=\"\" class=\"wp-image-93\" srcset=\"https:\/\/laserin.yvonne.fi\/wp-content\/uploads\/2022\/08\/close-up-hands-massaging-leg-scaled-1-1024x683.jpg 1024w, https:\/\/laserin.yvonne.fi\/wp-content\/uploads\/2022\/08\/close-up-hands-massaging-leg-scaled-1-300x200.jpg 300w, https:\/\/laserin.yvonne.fi\/wp-content\/uploads\/2022\/08\/close-up-hands-massaging-leg-scaled-1-768x512.jpg 768w, https:\/\/laserin.yvonne.fi\/wp-content\/uploads\/2022\/08\/close-up-hands-massaging-leg-scaled-1-1536x1025.jpg 1536w, https:\/\/laserin.yvonne.fi\/wp-content\/uploads\/2022\/08\/close-up-hands-massaging-leg-scaled-1-2048x1366.jpg 2048w, https:\/\/laserin.yvonne.fi\/wp-content\/uploads\/2022\/08\/close-up-hands-massaging-leg-scaled-1-930x620.jpg 930w\" sizes=\"(max-width: 1024px) 100vw, 1024px\" \/><\/figure>\n<\/div>\n\n\n\n<div class=\"wp-block-column is-vertically-aligned-center is-layout-flow\" style=\"flex-basis:50%\">\n<div style=\"height:20px\" aria-hidden=\"true\" class=\"wp-block-spacer\"><\/div>\n\n\n\n<h2 class=\"wp-block-heading has-text-align-left has-neve-text-color-color has-text-color\">Massage<\/h2>\n\n\n\n<p class=\"has-text-align-left has-neve-text-color-color has-text-color\" style=\"font-size:17px\">Till massage tj\u00e4nster h\u00f6r b\u00e5de traditionell och idrottsmassage. Fr\u00e5ga \u00e4ven om kombinationsv\u00e5rder av massage och laser.<\/p>\n\n\n\n<div class=\"wp-block-buttons is-content-justification-left is-layout-flex wp-container-8\">\n<div class=\"wp-block-button is-style-primary\"><a class=\"wp-block-button__link wp-element-button\" href=\"https:\/\/laserin.yvonne.fi\/sv\/index.php\/hieronta\/\">L\u00e4s mer<\/a><\/div>\n<\/div>\n<\/div>\n<\/div>\n\n\n\n<div style=\"height:40px\" aria-hidden=\"true\" class=\"wp-block-spacer\"><\/div>\n<\/div><\/div>\n<\/div><\/div>\n\n\n\n<div class=\"wp-block-cover alignfull\" style=\"min-height:600px\"><span aria-hidden=\"true\" class=\"wp-block-cover__background has-nv-site-bg-background-color has-background-dim-100 has-background-dim\"><\/span><div class=\"wp-block-cover__inner-container\">\n<div class=\"wp-block-group is-layout-flow\"><div class=\"wp-block-group__inner-container\">\n<div style=\"height:80px\" aria-hidden=\"true\" class=\"wp-block-spacer\"><\/div>\n\n\n\n<div class=\"wp-block-columns are-vertically-aligned-center is-layout-flex wp-container-15\">\n<div class=\"wp-block-column is-vertically-aligned-center is-layout-flow\" style=\"flex-basis:50%\">\n<h2 class=\"wp-block-heading has-text-align-left has-neve-text-color-color has-text-color\">Laserv\u00e5rd<\/h2>\n\n\n\n<p class=\"has-text-align-left has-neve-text-color-color has-text-color\" style=\"font-size:17px\">Med medicinsk laser kan man behandla problem i muskler, senor, leder och hud - sm\u00e4rtfritt och utan bi-effekter.<\/p>\n\n\n\n<div class=\"wp-block-buttons is-content-justification-left is-layout-flex wp-container-12\">\n<div class=\"wp-block-button is-style-primary\"><a class=\"wp-block-button__link wp-element-button\" href=\"https:\/\/laserin.yvonne.fi\/sv\/index.php\/laaketieteellinen-laserhoito\/\">L\u00e4s mer<\/a><\/div>\n<\/div>\n\n\n\n<div style=\"height:40px\" aria-hidden=\"true\" class=\"wp-block-spacer\"><\/div>\n<\/div>\n\n\n\n<div class=\"wp-block-column is-vertically-aligned-center is-layout-flow\" style=\"flex-basis:50%\">\n<figure class=\"wp-block-image size-large\"><img decoding=\"async\" loading=\"lazy\" width=\"1024\" height=\"681\" src=\"https:\/\/laserin.yvonne.fi\/wp-content\/uploads\/2023\/02\/2-W-glad-laser-vag-1024x681.jpg\" alt=\"\" class=\"wp-image-130\" srcset=\"https:\/\/laserin.yvonne.fi\/wp-content\/uploads\/2023\/02\/2-W-glad-laser-vag-1024x681.jpg 1024w, https:\/\/laserin.yvonne.fi\/wp-content\/uploads\/2023\/02\/2-W-glad-laser-vag-300x199.jpg 300w, https:\/\/laserin.yvonne.fi\/wp-content\/uploads\/2023\/02\/2-W-glad-laser-vag-768x511.jpg 768w, https:\/\/laserin.yvonne.fi\/wp-content\/uploads\/2023\/02\/2-W-glad-laser-vag-1536x1021.jpg 1536w, https:\/\/laserin.yvonne.fi\/wp-content\/uploads\/2023\/02\/2-W-glad-laser-vag-2048x1362.jpg 2048w, https:\/\/laserin.yvonne.fi\/wp-content\/uploads\/2023\/02\/2-W-glad-laser-vag-18x12.jpg 18w\" sizes=\"(max-width: 1024px) 100vw, 1024px\" \/><\/figure>\n<\/div>\n<\/div>\n\n\n\n<div style=\"height:40px\" aria-hidden=\"true\" class=\"wp-block-spacer\"><\/div>\n<\/div><\/div>\n<\/div><\/div>\n\n\n\n<div class=\"wp-block-cover alignfull\" style=\"min-height:600px\"><span aria-hidden=\"true\" class=\"wp-block-cover__background has-nv-light-bg-background-color has-background-dim-100 has-background-dim\"><\/span><div class=\"wp-block-cover__inner-container\">\n<div class=\"wp-block-group is-layout-flow\"><div class=\"wp-block-group__inner-container\">\n<div style=\"height:80px\" aria-hidden=\"true\" class=\"wp-block-spacer\"><\/div>\n\n\n\n<div class=\"wp-block-columns are-vertically-aligned-center is-layout-flex wp-container-20\">\n<div class=\"wp-block-column is-vertically-aligned-center is-layout-flow\" style=\"flex-basis:50%\">\n<figure class=\"wp-block-image size-large\"><img decoding=\"async\" loading=\"lazy\" width=\"1024\" height=\"682\" src=\"https:\/\/laserin.yvonne.fi\/wp-content\/uploads\/2022\/08\/close-up-skin-girl-s-face-are-visible-couperose-red-dilated-capillaries-spider-veins-vascular-problems-scaled-1-1024x682.jpg\" alt=\"\" class=\"wp-image-97\" srcset=\"https:\/\/laserin.yvonne.fi\/wp-content\/uploads\/2022\/08\/close-up-skin-girl-s-face-are-visible-couperose-red-dilated-capillaries-spider-veins-vascular-problems-scaled-1-1024x682.jpg 1024w, https:\/\/laserin.yvonne.fi\/wp-content\/uploads\/2022\/08\/close-up-skin-girl-s-face-are-visible-couperose-red-dilated-capillaries-spider-veins-vascular-problems-scaled-1-300x200.jpg 300w, https:\/\/laserin.yvonne.fi\/wp-content\/uploads\/2022\/08\/close-up-skin-girl-s-face-are-visible-couperose-red-dilated-capillaries-spider-veins-vascular-problems-scaled-1-768x512.jpg 768w, https:\/\/laserin.yvonne.fi\/wp-content\/uploads\/2022\/08\/close-up-skin-girl-s-face-are-visible-couperose-red-dilated-capillaries-spider-veins-vascular-problems-scaled-1-1536x1024.jpg 1536w, https:\/\/laserin.yvonne.fi\/wp-content\/uploads\/2022\/08\/close-up-skin-girl-s-face-are-visible-couperose-red-dilated-capillaries-spider-veins-vascular-problems-scaled-1-2048x1365.jpg 2048w, https:\/\/laserin.yvonne.fi\/wp-content\/uploads\/2022\/08\/close-up-skin-girl-s-face-are-visible-couperose-red-dilated-capillaries-spider-veins-vascular-problems-scaled-1-930x620.jpg 930w\" sizes=\"(max-width: 1024px) 100vw, 1024px\" \/><\/figure>\n<\/div>\n\n\n\n<div class=\"wp-block-column is-vertically-aligned-center is-layout-flow\" style=\"flex-basis:50%\">\n<div style=\"height:20px\" aria-hidden=\"true\" class=\"wp-block-spacer\"><\/div>\n\n\n\n<h2 class=\"wp-block-heading has-text-align-left has-neve-text-color-color has-text-color\">IPL-v\u00e5rd<\/h2>\n\n\n\n<p class=\"has-text-align-left has-neve-text-color-color has-text-color\" style=\"font-size:17px\">Laserin Etcetera utf\u00f6r IPL- blixtljusbehandlingar med kunskap och expertis. IPL (Intense Pulsed Light) betyder behandling med en mycket stark ljusimpuls. Ljusimpuls behandlingen \u00e4r trygg, effektiv och n\u00e4stan sm\u00e4rtfritt.<\/p>\n\n\n\n<div class=\"wp-block-buttons is-content-justification-left is-layout-flex wp-container-18\">\n<div class=\"wp-block-button is-style-primary\"><a class=\"wp-block-button__link wp-element-button\" href=\"https:\/\/laserin.yvonne.fi\/sv\/index.php\/ipl-hoito\/\">L\u00e4s mer<\/a><\/div>\n<\/div>\n<\/div>\n<\/div>\n\n\n\n<div style=\"height:40px\" aria-hidden=\"true\" class=\"wp-block-spacer\"><\/div>\n<\/div><\/div>\n<\/div><\/div>\n\n\n\n<div style=\"height:40px\" aria-hidden=\"true\" class=\"wp-block-spacer\"><\/div>","protected":false},"excerpt":{"rendered":"<p>Kivut pois tehokkaasti L\u00e4\u00e4ketiteellisell\u00e4 tutkitulla kivuttomalla laserhoidolla. Lihakset kuntoon Ammattitaidolla vuodesta 2006.Sek\u00e4 Urheilu- ett\u00e4 klassinen hieronta. Harmittavat ihokarvat ja couperosa pois IPL-hoidolla ihokarvat pois pysyv\u00e4sti sek\u00e4 punaiset verisuonet kasvoista vaaleammaksi.<\/p>","protected":false},"author":1,"featured_media":0,"parent":0,"menu_order":0,"comment_status":"closed","ping_status":"closed","template":"","meta":{"neve_meta_sidebar":"","neve_meta_container":"","neve_meta_enable_content_width":"on","neve_meta_content_width":100,"neve_meta_title_alignment":"","neve_meta_author_avatar":"","neve_post_elements_order":"","neve_meta_disable_header":"","neve_meta_disable_footer":"","neve_meta_disable_title":"on"},"yoast_head":"<!-- This site is optimized with the Yoast SEO plugin v20.4 - https:\/\/yoast.com\/wordpress\/plugins\/seo\/ -->\n<title>Etusivu - Laserin Etcetera<\/title>\n<meta name=\"robots\" content=\"index, follow, max-snippet:-1, max-image-preview:large, max-video-preview:-1\" \/>\n<link rel=\"canonical\" href=\"https:\/\/laserin.yvonne.fi\/sv\/\" \/>\n<meta property=\"og:locale\" content=\"sv_SE\" \/>\n<meta property=\"og:type\" content=\"article\" \/>\n<meta property=\"og:title\" content=\"Etusivu - Laserin Etcetera\" \/>\n<meta property=\"og:description\" content=\"Kivut pois tehokkaasti L\u00e4\u00e4ketiteellisell\u00e4 tutkitulla kivuttomalla laserhoidolla. Lihakset kuntoon Ammattitaidolla vuodesta 2006.Sek\u00e4 Urheilu- ett\u00e4 klassinen hieronta. Harmittavat ihokarvat ja couperosa pois IPL-hoidolla ihokarvat pois pysyv\u00e4sti sek\u00e4 punaiset verisuonet kasvoista vaaleammaksi.\" \/>\n<meta property=\"og:url\" content=\"https:\/\/laserin.yvonne.fi\/sv\/\" \/>\n<meta property=\"og:site_name\" content=\"Laserin Etcetera\" \/>\n<meta property=\"article:modified_time\" content=\"2025-11-25T08:33:02+00:00\" \/>\n<meta property=\"og:image\" content=\"https:\/\/laserin.yvonne.fi\/wp-content\/uploads\/2025\/11\/WhatsApp-Image-2025-11-25-at-08.50.53.jpeg\" \/>\n<meta name=\"twitter:card\" content=\"summary_large_image\" \/>\n<meta name=\"twitter:label1\" content=\"Ber\u00e4knad l\u00e4stid\" \/>\n\t<meta name=\"twitter:data1\" content=\"3 minuter\" \/>\n<script type=\"application\/ld+json\" class=\"yoast-schema-graph\">{\"@context\":\"https:\/\/schema.org\",\"@graph\":[{\"@type\":\"WebPage\",\"@id\":\"https:\/\/laserin.yvonne.fi\/\",\"url\":\"https:\/\/laserin.yvonne.fi\/\",\"name\":\"Etusivu - Laserin Etcetera\",\"isPartOf\":{\"@id\":\"https:\/\/laserin.yvonne.fi\/#website\"},\"datePublished\":\"2022-08-05T15:02:36+00:00\",\"dateModified\":\"2025-11-25T08:33:02+00:00\",\"breadcrumb\":{\"@id\":\"https:\/\/laserin.yvonne.fi\/#breadcrumb\"},\"inLanguage\":\"sv-SE\",\"potentialAction\":[{\"@type\":\"ReadAction\",\"target\":[\"https:\/\/laserin.yvonne.fi\/\"]}]},{\"@type\":\"BreadcrumbList\",\"@id\":\"https:\/\/laserin.yvonne.fi\/#breadcrumb\",\"itemListElement\":[{\"@type\":\"ListItem\",\"position\":1,\"name\":\"Etusivu\",\"item\":\"https:\/\/laserin.yvonne.fi\/\"},{\"@type\":\"ListItem\",\"position\":2,\"name\":\"Etusivu\"}]},{\"@type\":\"WebSite\",\"@id\":\"https:\/\/laserin.yvonne.fi\/#website\",\"url\":\"https:\/\/laserin.yvonne.fi\/\",\"name\":\"Laserin Etcetera\",\"description\":\"Hoivaa ammattitaidolla\",\"publisher\":{\"@id\":\"https:\/\/laserin.yvonne.fi\/#organization\"},\"potentialAction\":[{\"@type\":\"SearchAction\",\"target\":{\"@type\":\"EntryPoint\",\"urlTemplate\":\"https:\/\/laserin.yvonne.fi\/?s={search_term_string}\"},\"query-input\":\"required name=search_term_string\"}],\"inLanguage\":\"sv-SE\"},{\"@type\":\"Organization\",\"@id\":\"https:\/\/laserin.yvonne.fi\/#organization\",\"name\":\"Laserin Etcetera\",\"url\":\"https:\/\/laserin.yvonne.fi\/\",\"logo\":{\"@type\":\"ImageObject\",\"inLanguage\":\"sv-SE\",\"@id\":\"https:\/\/laserin.yvonne.fi\/#\/schema\/logo\/image\/\",\"url\":\"https:\/\/laserin.yvonne.fi\/wp-content\/uploads\/2022\/08\/logo-agency.png\",\"contentUrl\":\"https:\/\/laserin.yvonne.fi\/wp-content\/uploads\/2022\/08\/logo-agency.png\",\"width\":200,\"height\":200,\"caption\":\"Laserin Etcetera\"},\"image\":{\"@id\":\"https:\/\/laserin.yvonne.fi\/#\/schema\/logo\/image\/\"}}]}<\/script>\n<!-- \/ Yoast SEO plugin. -->","yoast_head_json":{"title":"Etusivu - Laserin Etcetera","robots":{"index":"index","follow":"follow","max-snippet":"max-snippet:-1","max-image-preview":"max-image-preview:large","max-video-preview":"max-video-preview:-1"},"canonical":"https:\/\/laserin.yvonne.fi\/sv\/","og_locale":"sv_SE","og_type":"article","og_title":"Etusivu - Laserin Etcetera","og_description":"Kivut pois tehokkaasti L\u00e4\u00e4ketiteellisell\u00e4 tutkitulla kivuttomalla laserhoidolla. Lihakset kuntoon Ammattitaidolla vuodesta 2006.Sek\u00e4 Urheilu- ett\u00e4 klassinen hieronta. Harmittavat ihokarvat ja couperosa pois IPL-hoidolla ihokarvat pois pysyv\u00e4sti sek\u00e4 punaiset verisuonet kasvoista vaaleammaksi.","og_url":"https:\/\/laserin.yvonne.fi\/sv\/","og_site_name":"Laserin Etcetera","article_modified_time":"2025-11-25T08:33:02+00:00","og_image":[{"url":"https:\/\/laserin.yvonne.fi\/wp-content\/uploads\/2025\/11\/WhatsApp-Image-2025-11-25-at-08.50.53.jpeg"}],"twitter_card":"summary_large_image","twitter_misc":{"Ber\u00e4knad l\u00e4stid":"3 minuter"},"schema":{"@context":"https:\/\/schema.org","@graph":[{"@type":"WebPage","@id":"https:\/\/laserin.yvonne.fi\/","url":"https:\/\/laserin.yvonne.fi\/","name":"Etusivu - Laserin Etcetera","isPartOf":{"@id":"https:\/\/laserin.yvonne.fi\/#website"},"datePublished":"2022-08-05T15:02:36+00:00","dateModified":"2025-11-25T08:33:02+00:00","breadcrumb":{"@id":"https:\/\/laserin.yvonne.fi\/#breadcrumb"},"inLanguage":"sv-SE","potentialAction":[{"@type":"ReadAction","target":["https:\/\/laserin.yvonne.fi\/"]}]},{"@type":"BreadcrumbList","@id":"https:\/\/laserin.yvonne.fi\/#breadcrumb","itemListElement":[{"@type":"ListItem","position":1,"name":"Etusivu","item":"https:\/\/laserin.yvonne.fi\/"},{"@type":"ListItem","position":2,"name":"Etusivu"}]},{"@type":"WebSite","@id":"https:\/\/laserin.yvonne.fi\/#website","url":"https:\/\/laserin.yvonne.fi\/","name":"Laserin Etcetera","description":"Hoivaa ammattitaidolla","publisher":{"@id":"https:\/\/laserin.yvonne.fi\/#organization"},"potentialAction":[{"@type":"SearchAction","target":{"@type":"EntryPoint","urlTemplate":"https:\/\/laserin.yvonne.fi\/?s={search_term_string}"},"query-input":"required name=search_term_string"}],"inLanguage":"sv-SE"},{"@type":"Organization","@id":"https:\/\/laserin.yvonne.fi\/#organization","name":"Laserin Etcetera","url":"https:\/\/laserin.yvonne.fi\/","logo":{"@type":"ImageObject","inLanguage":"sv-SE","@id":"https:\/\/laserin.yvonne.fi\/#\/schema\/logo\/image\/","url":"https:\/\/laserin.yvonne.fi\/wp-content\/uploads\/2022\/08\/logo-agency.png","contentUrl":"https:\/\/laserin.yvonne.fi\/wp-content\/uploads\/2022\/08\/logo-agency.png","width":200,"height":200,"caption":"Laserin Etcetera"},"image":{"@id":"https:\/\/laserin.yvonne.fi\/#\/schema\/logo\/image\/"}}]}},"_links":{"self":[{"href":"https:\/\/laserin.yvonne.fi\/sv\/wp-json\/wp\/v2\/pages\/7"}],"collection":[{"href":"https:\/\/laserin.yvonne.fi\/sv\/wp-json\/wp\/v2\/pages"}],"about":[{"href":"https:\/\/laserin.yvonne.fi\/sv\/wp-json\/wp\/v2\/types\/page"}],"author":[{"embeddable":true,"href":"https:\/\/laserin.yvonne.fi\/sv\/wp-json\/wp\/v2\/users\/1"}],"replies":[{"embeddable":true,"href":"https:\/\/laserin.yvonne.fi\/sv\/wp-json\/wp\/v2\/comments?post=7"}],"version-history":[{"count":18,"href":"https:\/\/laserin.yvonne.fi\/sv\/wp-json\/wp\/v2\/pages\/7\/revisions"}],"predecessor-version":[{"id":184,"href":"https:\/\/laserin.yvonne.fi\/sv\/wp-json\/wp\/v2\/pages\/7\/revisions\/184"}],"wp:attachment":[{"href":"https:\/\/laserin.yvonne.fi\/sv\/wp-json\/wp\/v2\/media?parent=7"}],"curies":[{"name":"wp","href":"https:\/\/api.w.org\/{rel}","templated":true}]}}